{"id":3,"date":"2023-02-16T12:09:41","date_gmt":"2023-02-16T11:09:41","guid":{"rendered":"http:\/\/www.planetariasrl.it\/?page_id=3"},"modified":"2023-12-29T16:53:51","modified_gmt":"2023-12-29T15:53:51","slug":"privacy-policy","status":"publish","type":"page","link":"https:\/\/www.planetariasrl.it\/eng\/privacy-policy\/","title":{"rendered":"Privacy Policy"},"content":{"rendered":"<div class=\"wpb-content-wrapper\">\r\n\t<section class=\"vc_row wpb_row vc_row-fluid vc-zozo-section typo-default\"><div class=\"zozo-vc-main-row-inner vc-normal-section\"><div class=\"wpb_column vc_main_column vc_column_container vc_col-sm-12 typo-default\"><div class=\"vc_column-inner\"><div class=\"wpb_wrapper\">\n\t<div class=\"wpb_text_column wpb_content_element\" >\n\t\t<div class=\"wpb_wrapper\">\n\t\t\t<h2 style=\"text-align: center;\"><strong>INFORMATIVA PRIVACY<\/strong><\/h2>\n<p><strong>\u00a0<\/strong><\/p>\n<h3><\/h3>\n<h3><strong>1 &#8211; Informazioni relative alla Privacy del sito<\/strong><\/h3>\n<ol>\n<li>In questa sezione sono contenute le informazioni relative alle modalit\u00e0 di gestione di <strong>planetariasrl.it<\/strong>, di propriet\u00e0 della <strong>Planetaria s.r.l.<\/strong>, in riferimento al trattamento dei dati degli utenti del sito stesso.<\/li>\n<li>La presente informativa ha valore anche ai fini dell&#8217;articolo 13 del Regolamento (UE) n. 2016\/679, relativo alla protezione delle persone fisiche con riguardo al trattamento dei dati personali nonch\u00e9 alla libera circolazione di tali dati, per i soggetti che interagiscono con <strong>planetariasrl.it<\/strong>.<\/li>\n<li>L&#8217;informativa \u00e8 resa solo per <strong>planetariasrl.it<\/strong> e non anche per altri siti web eventualmente consultati dall&#8217;utente tramite link in esso contenuti.<\/li>\n<li>Scopo del presente documento \u00e8 fornire indicazioni circa le modalit\u00e0, i tempi e la natura delle informazioni che i titolari del trattamento devono fornire agli utenti al momento della connessione alle pagine web di <strong>planetariasrl.it<\/strong>, indipendentemente dagli scopi del collegamento stesso, secondo la legislazione Italiana ed Europea.<\/li>\n<li>L&#8217;informativa pu\u00f2 subire modifiche a causa dell&#8217;introduzione di nuove norme al riguardo, si invita pertanto l&#8217;utente a controllare periodicamente la presente pagina.<\/li>\n<li>Se l&#8217;utente ha meno di quattordici anni, ai sensi dell&#8217;art.8, c. 1 regolamento (UE) 2016\/679, e dell&#8217;Art. 2 &#8211; Quinquies del D.Lgs 196\/2003, cos\u00ec come modificato dal D.Lgs 181\/18, dovr\u00e0 legittimare il suo consenso attraverso l&#8217;autorizzazione dei genitori o di chi ne fa le veci.<\/li>\n<\/ol>\n<p>&nbsp;<\/p>\n<h3><strong>2 &#8211; Titolare del trattamento<\/strong><\/h3>\n<ol>\n<li>Il titolare del trattamento \u00e8 la persona fisica o giuridica, l&#8217;autorit\u00e0 pubblica, il servizio o altro organismo che, singolarmente o insieme ad altri, determina le finalit\u00e0 e i mezzi del trattamento di dati personali. Si occupa anche dei profili sulla sicurezza.<\/li>\n<li>Relativamente al presente sito web il titolare del trattamento \u00e8 <strong>Paolo Esposito<\/strong>, e per ogni chiarimento o esercizio dei diritti dell&#8217;utente potr\u00e0 contattarlo al seguente indirizzo mail: <strong>paoloesposito@planetariasrl.it<\/strong>.<\/li>\n<\/ol>\n<p>&nbsp;<\/p>\n<h3><strong>3 &#8211; Luogo trattamento dati<\/strong><\/h3>\n<ol>\n<li>Il trattamento dei dati generato dall&#8217;utilizzo di <strong>planetariasrl.it<\/strong> avviene presso la sede di: <strong>Via Campane, 18 \u2013 83100 Avellino<\/strong>.<\/li>\n<li>In caso di necessit\u00e0, i dati connessi al servizio newsletter possono essere trattati dal responsabile del trattamento o soggetti da esso incaricati a tal fine presso la relativa sede.<\/li>\n<\/ol>\n<p>&nbsp;<\/p>\n<h3><strong>4 &#8211; Base giuridica del trattamento<\/strong><\/h3>\n<ol>\n<li>Il trattamento dei dati personali da parte di <strong>Planetaria s.r.l.<\/strong> si basa sul consenso &#8211; ai sensi dell&#8217;art. 6, par. 1, lett. a) del Regolamento UE 2016\/679 &#8211; espresso dall&#8217;utente mediante la navigazione su questo sito web e la sua consultazione, cos\u00ec accettando la presente informativa.<\/li>\n<li>Il consenso \u00e8 facoltativo e pu\u00f2 essere revocato in qualsiasi momento mediante richiesta inviata a mezzo email a <strong>paoloesposito@planetariasrl.it<\/strong> precisando che, in tal caso, in assenza di consenso non potranno essere erogati alcuni servizi e la navigazione sul sito web potrebbe essere compromessa.<\/li>\n<\/ol>\n<p>&nbsp;<\/p>\n<h3><strong>5 &#8211; Cookies<\/strong><\/h3>\n<ol>\n<li>In questa sezione viene descritto in che modo questo Sito e terze parti utilizzano i cookie e tecnologie similari. L&#8217;utilizzo dei cookie avviene nel rispetto della relativa normativa europea (direttiva 2009\/136\/CE ha modificato la direttiva 2002\/58\/CE &#8220;E Privacy) e nazionale (Provvedimento Garante per la protezione dei dati personali dell&#8217;8 maggio 2014 e successivi chiarimenti nonch\u00e9 Linee Guida cookie e altri strumenti di tracciamento del 10 giugno 2021 n.231).<\/li>\n<li>Per avere informazioni complete riguardo ai cookies visitare la nostra cookie policy: <a href=\"https:\/\/www.planetariasrl.it\/eng\/cookie\/\" target=\"_blank\" rel=\"noopener\"><strong>planetariasrl.it\/cookie<\/strong><\/a>.<\/li>\n<\/ol>\n<p>&nbsp;<\/p>\n<h3><strong>6 &#8211; Tipologia di trattamento dati<\/strong><\/h3>\n<ol>\n<li>Il trattamento dei dati personali \u00e8 necessario per il perseguimento del legittimo interesse del titolare del trattamento per finalit\u00e0 di fornire informazioni circa l&#8217;attivit\u00e0 di <strong>planetariasrl.it<\/strong> ai sensi dell&#8217;art. 6, par. 1, lett. f) del Regolamento UE 2016\/679, nel rispetto di quanto previsto dal medesimo Regolamento.<\/li>\n<li>Il presente sito fa uso di Log Files nei quali vengono conservate informazioni raccolte in maniera automatizzata durante le visite degli utenti. Le informazioni raccolte potrebbero essere le seguenti:<\/li>\n<\/ol>\n<ul>\n<li>indirizzo internet protocol (IP);<\/li>\n<li>tipo di browser e parametri del dispositivo usato per connettersi al sito;<\/li>\n<li>nome dell&#8217;internet service provider (ISP);<\/li>\n<li>data e orario di visita;<\/li>\n<li>pagina web di provenienza del visitatore (referral) e di uscita;<\/li>\n<li>eventualmente il numero di click.<\/li>\n<\/ul>\n<ol start=\"3\">\n<li>Le suddette informazioni sono trattate in forma automatizzata e raccolte in forma esclusivamente aggregata al fine di verificare il corretto funzionamento del sito, e per motivi di sicurezza. Tali informazioni saranno trattate in base ai legittimi interessi del titolare.<\/li>\n<li>A fini di sicurezza (filtri antispam, firewall, rilevazione virus), i dati registrati automaticamente possono eventualmente comprendere anche dati personali come l&#8217;indirizzo IP, che potrebbe essere utilizzato, conformemente alle leggi vigenti in materia, al fine di bloccare tentativi di danneggiamento al sito medesimo o di recare danno ad altri utenti, o comunque attivit\u00e0 dannose o costituenti reato. Tali dati non sono mai utilizzati per l&#8217;identificazione o la profilazione dell&#8217;utente, ma solo a fini di tutela del sito e dei suoi utenti, tali informazioni saranno trattate in base ai legittimi interessi del titolare.<\/li>\n<\/ol>\n<p>&nbsp;<\/p>\n<h3><strong>7 &#8211; Tipologia di dati acquisti<\/strong><\/h3>\n<ol>\n<li><strong>Planetaria s.r.l.<\/strong> raccoglie i dati degli utenti direttamente dal sito. I dati sono necessari per la navigazione del sito.<\/li>\n<\/ol>\n<p>&nbsp;<\/p>\n<h3><strong>8 &#8211; Dati forniti dall&#8217;utente<\/strong><\/h3>\n<ol>\n<li>Qualora il sito consenta l&#8217;inserimento di commenti, oppure in caso di specifici servizi richiesti dall&#8217;utente, ivi compresi la possibilit\u00e0 di inviare il Curriculum Vitae per un eventuale rapporto lavorativo, il sito rileva automaticamente e registra alcuni dati identificativi dell&#8217;utente, compreso l&#8217;indirizzo mail. Tali dati si intendono volontariamente forniti dall&#8217;utente al momento della richiesta di erogazione del servizio.<\/li>\n<li>Inserendo un commento o altra informazione l&#8217;utente accetta espressamente l&#8217;informativa privacy. I dati ricevuti verranno utilizzati esclusivamente per l&#8217;erogazione del servizio richiesto e per il solo tempo necessario per la fornitura del servizio.<\/li>\n<li>Le informazioni che gli utenti del sito riterranno di rendere pubbliche tramite i servizi e gli strumenti messi a disposizione degli stessi, sono fornite dall&#8217;utente consapevolmente e volontariamente, esentando il presente sito da qualsiasi responsabilit\u00e0 in merito ad eventuali violazioni delle leggi. Spetta all&#8217;utente verificare di avere i permessi per l&#8217;immissione di dati personali di terzi o di contenuti tutelati dalle norme nazionali ed internazionali.<\/li>\n<li>L&#8217;invio facoltativo, esplicito e volontario di posta elettronica agli indirizzi indicati su questo sito comporta la successiva acquisizione dell&#8217;indirizzo del mittente, necessario per rispondere alle richieste, nonch\u00e9 degli eventuali altri dati personali inseriti nella missiva.<\/li>\n<li>Specifiche informative di sintesi verranno progressivamente riportate o visualizzate nelle pagine del sito predisposte per particolari servizi a richiesta.<\/li>\n<\/ol>\n<p>&nbsp;<\/p>\n<h3><strong>9 &#8211; Finalit\u00e0 del trattamento dati<\/strong><\/h3>\n<ol>\n<li>I dati raccolti dal sito durante il suo funzionamento sono utilizzati esclusivamente per le finalit\u00e0 sopra indicate e conservati per il tempo strettamente necessario a svolgere le attivit\u00e0 precisate.<\/li>\n<\/ol>\n<p>&nbsp;<\/p>\n<h3><strong>10 &#8211; Conservazione Dati<\/strong><\/h3>\n<ol>\n<li>Conformemente a quanto prescritto dall&#8217;art. 5.1(c) del Regolamento, i sistemi informativi e i programmi informatici utilizzati da <strong>planetariasrl.it<\/strong> sono configurati in modo da ridurre al minimo l&#8217;uso di dati personali e identificativi; tali dati saranno trattati solo nella misura necessaria per il conseguimento delle finalit\u00e0 indicate nella presente Policy.<\/li>\n<li>I dati verranno conservati per il periodo di tempo strettamente necessario al conseguimento delle finalit\u00e0 in concreto perseguite e, in ogni caso, il criterio utilizzato per determinare il periodo di conservazione \u00e8 improntato al rispetto dei termini consentiti dalle leggi applicabili e dai principi di minimizzazione del trattamento e limitazione della conservazione.<\/li>\n<li>I dati rilevati dal sito non saranno forniti mai a terzi, a meno che non si tratti di legittima richiesta da parte dell&#8217;autorit\u00e0 giudiziaria e nei soli casi previsti dalla legge.<\/li>\n<li>I dati utilizzati a fini di sicurezza (blocco tentativi di danneggiamento del sito) sono conservati per il tempo strettamente necessario al raggiungimento del fine anteriormente indicato.<\/li>\n<\/ol>\n<p>&nbsp;<\/p>\n<h3><strong>11 &#8211; Diritti dell&#8217;utente<\/strong><\/h3>\n<ol>\n<li>Viene garantito all&#8217;utente il rispetto dei suoi diritti nell&#8217;ambito della protezione dei dati personali. In linea con quanto ripreso e affermato dal GDPR, in relazione al trattamento dei propri dati personali, l&#8217;utente ha diritto di chiedere al Titolare:<\/li>\n<\/ol>\n<ul>\n<li style=\"list-style-type: none;\">\n<ul>\n<li><strong>L&#8217;accesso:<\/strong> l&#8217;utente pu\u00f2 chiedere conferma che sia o meno in essere un trattamento di dati che lo riguarda, oltre a maggiori chiarimenti circa le informazioni di cui alla presente informativa;<\/li>\n<li><strong>La rettifica:<\/strong> pu\u00f2 chiedere di rettificare o integrare i dati che ha fornito, qualora inesatti o incompleti;<\/li>\n<li><strong>La cancellazione:<\/strong> pu\u00f2 chiedere che i suoi dati vengano cancellati, qualora non siano pi\u00f9 necessari alle nostre finalit\u00e0, in caso di revoca del consenso o opposizione al trattamento, in caso di trattamento illecito, ovvero sussista un obbligo legale di cancellazione o si riferiscano a soggetti minori di anni quattordici;<\/li>\n<li><strong>L&#8217;opposizione:<\/strong> pu\u00f2 opporsi in qualunque momento al trattamento dei suoi dati, salvo che vi siano motivi legittimi del Titolare per procedere al trattamento che prevalgano sui suoi, per esempio per l&#8217;esercizio o la propria difesa in sede giudiziaria.<\/li>\n<li><strong>La revoca:<\/strong> pu\u00f2 revocare il suo consenso all&#8217;utilizzo di cookie (Cookie Policy) in qualsiasi momento, poich\u00e9 in questo caso costituisca la base del trattamento. La revoca del consenso comunque non pregiudica la liceit\u00e0 del trattamento basata sul consenso svolto prima della revoca stessa.<\/li>\n<\/ul>\n<\/li>\n<\/ul>\n<ol>\n<li>In qualsiasi momento l&#8217;utente pu\u00f2 chiedere di esercitare i suddetti diritti a <strong>Planetaria s.r.l.<\/strong> rivolgendosi all&#8217;indirizzo mail: <strong>paoloesposito@planetariasrl.it<\/strong>.<\/li>\n<li>Inoltre, l&#8217;utente ha diritto di proporre reclamo nei confronti dell&#8217;Autorit\u00e0 di controllo italiana: &#8220;Garante per la Protezione dei Dati Personali&#8221; nel caso in cui ritenga che i suoi diritti siano stati violati da\u00a0<strong>Planetaria s.r.l.<\/strong> o nel caso in cui non ritenga soddisfacente la risposta di\u00a0<strong>Planetaria s.r.l.<\/strong> alle sue richieste.<\/li>\n<\/ol>\n<p>&nbsp;<\/p>\n<h3><strong> 12 &#8211; Modifiche al presente documento<\/strong><\/h3>\n<ol>\n<li>Il presente documento, che costituisce la privacy policy di questo sito, \u00e8 pubblicato all&#8217;indirizzo:\u2028 <strong>planetariasrl.it\/privacy-policy<\/strong><\/li>\n<li>Esso pu\u00f2 essere soggetto a modifiche o aggiornamenti. Si invitano gli utenti a consultare periodicamente la presente pagina per essere sempre aggiornati sulle ultime novit\u00e0 legislative.<\/li>\n<\/ol>\n<ol start=\"3\">\n<li>Il documento \u00e8 stato aggiornato in data 10\/12\/2023 per essere conforme alle disposizioni normative in materia, ed in particolare in conformit\u00e0 al Regolamento (UE) 2016\/679.<\/li>\n<\/ol>\n\n\t\t<\/div>\n\t<\/div>\n<\/div><\/div><\/div><\/div><\/section>\t\r\n\r\n\n<\/div>","protected":false},"excerpt":{"rendered":"INFORMATIVA PRIVACY \u00a0 1 - Informazioni relative alla Privacy del sito In questa sezione sono contenute le informazioni relative alle modalit\u00e0 di gestione di planetariasrl.it, di propriet\u00e0 della Planetaria s.r.l., in riferimento al trattamento dei dati degli utenti del sito stesso. La presente informativa ha valore anche ai fini dell'articolo 13 del Regolamento (UE) n. 2016\/679, relativo alla protezione delle...","protected":false},"author":1,"featured_media":0,"parent":0,"menu_order":0,"comment_status":"closed","ping_status":"open","template":"","meta":{"_exactmetrics_skip_tracking":false,"_exactmetrics_sitenote_active":false,"_exactmetrics_sitenote_note":"","_exactmetrics_sitenote_category":0,"footnotes":""},"class_list":["post-3","page","type-page","status-publish","hentry"],"yoast_head":"<!-- This site is optimized with the Yoast SEO plugin v27.0 - https:\/\/yoast.com\/product\/yoast-seo-wordpress\/ -->\n<title>Privacy Policy - Planetaria s.r.l.<\/title>\n<meta name=\"description\" content=\"In questa sezione sono contenute le informazioni relative alle modalit\u00e0 di gestione di planetariasrl.it, di propriet\u00e0 della Planetaria s.r.l., in riferimento al trattamento dei dati degli utenti del sito stesso.\" \/>\n<meta name=\"robots\" content=\"index, follow, max-snippet:-1, max-image-preview:large, max-video-preview:-1\" \/>\n<link rel=\"canonical\" href=\"https:\/\/www.planetariasrl.it\/eng\/privacy-policy\/\" \/>\n<meta property=\"og:locale\" content=\"en_GB\" \/>\n<meta property=\"og:type\" content=\"article\" \/>\n<meta property=\"og:title\" content=\"Privacy Policy - Planetaria s.r.l.\" \/>\n<meta property=\"og:description\" content=\"In questa sezione sono contenute le informazioni relative alle modalit\u00e0 di gestione di planetariasrl.it, di propriet\u00e0 della Planetaria s.r.l., in riferimento al trattamento dei dati degli utenti del sito stesso.\" \/>\n<meta property=\"og:url\" content=\"https:\/\/www.planetariasrl.it\/eng\/privacy-policy\/\" \/>\n<meta property=\"og:site_name\" content=\"Planetaria s.r.l.\" \/>\n<meta property=\"article:modified_time\" content=\"2023-12-29T15:53:51+00:00\" \/>\n<meta name=\"twitter:card\" content=\"summary_large_image\" \/>\n<meta name=\"twitter:label1\" content=\"Estimated reading time\" \/>\n\t<meta name=\"twitter:data1\" content=\"9 minutes\" \/>\n<script type=\"application\/ld+json\" class=\"yoast-schema-graph\">{\"@context\":\"https:\/\/schema.org\",\"@graph\":[{\"@type\":\"WebPage\",\"@id\":\"https:\/\/www.planetariasrl.it\/privacy-policy\/\",\"url\":\"https:\/\/www.planetariasrl.it\/privacy-policy\/\",\"name\":\"Privacy Policy - Planetaria s.r.l.\",\"isPartOf\":{\"@id\":\"https:\/\/www.planetariasrl.it\/#website\"},\"datePublished\":\"2023-02-16T11:09:41+00:00\",\"dateModified\":\"2023-12-29T15:53:51+00:00\",\"description\":\"In questa sezione sono contenute le informazioni relative alle modalit\u00e0 di gestione di planetariasrl.it, di propriet\u00e0 della Planetaria s.r.l., in riferimento al trattamento dei dati degli utenti del sito stesso.\",\"breadcrumb\":{\"@id\":\"https:\/\/www.planetariasrl.it\/privacy-policy\/#breadcrumb\"},\"inLanguage\":\"en-GB\",\"potentialAction\":[{\"@type\":\"ReadAction\",\"target\":[\"https:\/\/www.planetariasrl.it\/privacy-policy\/\"]}]},{\"@type\":\"BreadcrumbList\",\"@id\":\"https:\/\/www.planetariasrl.it\/privacy-policy\/#breadcrumb\",\"itemListElement\":[{\"@type\":\"ListItem\",\"position\":1,\"name\":\"Home\",\"item\":\"https:\/\/www.planetariasrl.it\/\"},{\"@type\":\"ListItem\",\"position\":2,\"name\":\"Privacy Policy\"}]},{\"@type\":\"WebSite\",\"@id\":\"https:\/\/www.planetariasrl.it\/#website\",\"url\":\"https:\/\/www.planetariasrl.it\/\",\"name\":\"Planetaria s.r.l.\",\"description\":\"Innovazioni Ambientali\",\"publisher\":{\"@id\":\"https:\/\/www.planetariasrl.it\/#organization\"},\"potentialAction\":[{\"@type\":\"SearchAction\",\"target\":{\"@type\":\"EntryPoint\",\"urlTemplate\":\"https:\/\/www.planetariasrl.it\/?s={search_term_string}\"},\"query-input\":{\"@type\":\"PropertyValueSpecification\",\"valueRequired\":true,\"valueName\":\"search_term_string\"}}],\"inLanguage\":\"en-GB\"},{\"@type\":\"Organization\",\"@id\":\"https:\/\/www.planetariasrl.it\/#organization\",\"name\":\"Planetaria s.r.l.\",\"url\":\"https:\/\/www.planetariasrl.it\/\",\"logo\":{\"@type\":\"ImageObject\",\"inLanguage\":\"en-GB\",\"@id\":\"https:\/\/www.planetariasrl.it\/#\/schema\/logo\/image\/\",\"url\":\"https:\/\/www.planetariasrl.it\/wp-content\/uploads\/2023\/03\/logo-planetaria.png\",\"contentUrl\":\"https:\/\/www.planetariasrl.it\/wp-content\/uploads\/2023\/03\/logo-planetaria.png\",\"width\":600,\"height\":230,\"caption\":\"Planetaria s.r.l.\"},\"image\":{\"@id\":\"https:\/\/www.planetariasrl.it\/#\/schema\/logo\/image\/\"}}]}<\/script>\n<!-- \/ Yoast SEO plugin. -->","yoast_head_json":{"title":"Privacy Policy - Planetaria s.r.l.","description":"In questa sezione sono contenute le informazioni relative alle modalit\u00e0 di gestione di planetariasrl.it, di propriet\u00e0 della Planetaria s.r.l., in riferimento al trattamento dei dati degli utenti del sito stesso.","robots":{"index":"index","follow":"follow","max-snippet":"max-snippet:-1","max-image-preview":"max-image-preview:large","max-video-preview":"max-video-preview:-1"},"canonical":"https:\/\/www.planetariasrl.it\/eng\/privacy-policy\/","og_locale":"en_GB","og_type":"article","og_title":"Privacy Policy - Planetaria s.r.l.","og_description":"In questa sezione sono contenute le informazioni relative alle modalit\u00e0 di gestione di planetariasrl.it, di propriet\u00e0 della Planetaria s.r.l., in riferimento al trattamento dei dati degli utenti del sito stesso.","og_url":"https:\/\/www.planetariasrl.it\/eng\/privacy-policy\/","og_site_name":"Planetaria s.r.l.","article_modified_time":"2023-12-29T15:53:51+00:00","twitter_card":"summary_large_image","twitter_misc":{"Estimated reading time":"9 minutes"},"schema":{"@context":"https:\/\/schema.org","@graph":[{"@type":"WebPage","@id":"https:\/\/www.planetariasrl.it\/privacy-policy\/","url":"https:\/\/www.planetariasrl.it\/privacy-policy\/","name":"Privacy Policy - Planetaria s.r.l.","isPartOf":{"@id":"https:\/\/www.planetariasrl.it\/#website"},"datePublished":"2023-02-16T11:09:41+00:00","dateModified":"2023-12-29T15:53:51+00:00","description":"In questa sezione sono contenute le informazioni relative alle modalit\u00e0 di gestione di planetariasrl.it, di propriet\u00e0 della Planetaria s.r.l., in riferimento al trattamento dei dati degli utenti del sito stesso.","breadcrumb":{"@id":"https:\/\/www.planetariasrl.it\/privacy-policy\/#breadcrumb"},"inLanguage":"en-GB","potentialAction":[{"@type":"ReadAction","target":["https:\/\/www.planetariasrl.it\/privacy-policy\/"]}]},{"@type":"BreadcrumbList","@id":"https:\/\/www.planetariasrl.it\/privacy-policy\/#breadcrumb","itemListElement":[{"@type":"ListItem","position":1,"name":"Home","item":"https:\/\/www.planetariasrl.it\/"},{"@type":"ListItem","position":2,"name":"Privacy Policy"}]},{"@type":"WebSite","@id":"https:\/\/www.planetariasrl.it\/#website","url":"https:\/\/www.planetariasrl.it\/","name":"Planetaria s.r.l.","description":"Innovazioni Ambientali","publisher":{"@id":"https:\/\/www.planetariasrl.it\/#organization"},"potentialAction":[{"@type":"SearchAction","target":{"@type":"EntryPoint","urlTemplate":"https:\/\/www.planetariasrl.it\/?s={search_term_string}"},"query-input":{"@type":"PropertyValueSpecification","valueRequired":true,"valueName":"search_term_string"}}],"inLanguage":"en-GB"},{"@type":"Organization","@id":"https:\/\/www.planetariasrl.it\/#organization","name":"Planetaria s.r.l.","url":"https:\/\/www.planetariasrl.it\/","logo":{"@type":"ImageObject","inLanguage":"en-GB","@id":"https:\/\/www.planetariasrl.it\/#\/schema\/logo\/image\/","url":"https:\/\/www.planetariasrl.it\/wp-content\/uploads\/2023\/03\/logo-planetaria.png","contentUrl":"https:\/\/www.planetariasrl.it\/wp-content\/uploads\/2023\/03\/logo-planetaria.png","width":600,"height":230,"caption":"Planetaria s.r.l."},"image":{"@id":"https:\/\/www.planetariasrl.it\/#\/schema\/logo\/image\/"}}]}},"_links":{"self":[{"href":"https:\/\/www.planetariasrl.it\/eng\/wp-json\/wp\/v2\/pages\/3","targetHints":{"allow":["GET"]}}],"collection":[{"href":"https:\/\/www.planetariasrl.it\/eng\/wp-json\/wp\/v2\/pages"}],"about":[{"href":"https:\/\/www.planetariasrl.it\/eng\/wp-json\/wp\/v2\/types\/page"}],"author":[{"embeddable":true,"href":"https:\/\/www.planetariasrl.it\/eng\/wp-json\/wp\/v2\/users\/1"}],"replies":[{"embeddable":true,"href":"https:\/\/www.planetariasrl.it\/eng\/wp-json\/wp\/v2\/comments?post=3"}],"version-history":[{"count":4,"href":"https:\/\/www.planetariasrl.it\/eng\/wp-json\/wp\/v2\/pages\/3\/revisions"}],"predecessor-version":[{"id":2757,"href":"https:\/\/www.planetariasrl.it\/eng\/wp-json\/wp\/v2\/pages\/3\/revisions\/2757"}],"wp:attachment":[{"href":"https:\/\/www.planetariasrl.it\/eng\/wp-json\/wp\/v2\/media?parent=3"}],"curies":[{"name":"wp","href":"https:\/\/api.w.org\/{rel}","templated":true}]}}